{"id":257039,"date":"2025-12-11T10:53:03","date_gmt":"2025-12-11T09:53:03","guid":{"rendered":"http:\/\/herder.nl\/zu-uebersetzen\/"},"modified":"2025-12-11T11:35:02","modified_gmt":"2025-12-11T10:35:02","slug":"zu-uebersetzen","status":"publish","type":"page","link":"https:\/\/herder.nl\/de\/zu-uebersetzen\/","title":{"rendered":"zu-\u00fcbersetzen"},"content":{"rendered":"\t\t<div data-elementor-type=\"wp-page\" data-elementor-id=\"257039\" class=\"elementor elementor-257039 elementor-257036\" data-elementor-post-type=\"page\">\n\t\t\t\t<div class=\"elementor-element elementor-element-59b5ee55 e-flex e-con-boxed e-con e-parent\" data-id=\"59b5ee55\" data-element_type=\"container\" data-e-type=\"container\">\n\t\t\t\t\t<div class=\"e-con-inner\">\n\t\t\t\t<div class=\"elementor-element elementor-element-47edae75 elementor-widget elementor-widget-text-editor\" data-id=\"47edae75\" data-element_type=\"widget\" data-e-type=\"widget\" data-widget_type=\"text-editor.default\">\n\t\t\t\t<div class=\"elementor-widget-container\">\n\t\t\t\t\t\t\t\t\t<p>Ausleger-M\u00e4her<br>Anbauger\u00e4te<br>Ausleger<br>Fallstudie<br>Unternehmen<br>Schlegelm\u00e4her<br>Wartung<br>M\u00e4hboote<br>Fernbedienung<br>Selbstfahrend<br>Baumstumpffr\u00e4sen<\/p><p> <\/p><p> <\/p><p>Bagger<br>Forstwirtschaft<br>Ferngesteuert<br>Stra\u00dfe<br>Stockfr\u00e4se<br>Bagger<br>Vegetation<br>Wasser<\/p><p><strong>Stra\u00dfenpflege<\/strong><br>Herder hat eine Reihe von Anbauger\u00e4ten f\u00fcr die Stra\u00dfenpflege entwickelt. Ein gutes Beispiel ist der \u00f6kologische M\u00e4her, der speziell f\u00fcr die Anforderungen des \u00f6kologischen M\u00e4hens entwickelt wurde. <\/p><p><strong>Mehr erfahren<\/strong><\/p><p><strong>Gew\u00e4sserpflege<\/strong><br>Herder hat die Grenzen in Bezug auf die Grabenpflege mehr als einmal verschoben. Herder produziert verschiedene Arten von Anbauger\u00e4ten f\u00fcr die Instandhaltung von Gr\u00e4ben. <\/p><p><strong>Vegetationspflege<\/strong><br>Die Zusammenarbeit mit Herder bedeutet ergonomisches Arbeiten mit dem besten Ergebnis. Herder produziert verschiedene Arten von Anbauger\u00e4ten f\u00fcr die Pflege der Vegetation. <\/p><p><strong>Forstwirtschaftliche Instandhaltung<\/strong><br>Forstmaschinen eignen sich besonders f\u00fcr schwere Aufgaben wie das R\u00e4umen von grobem Bewuchs wie Gestr\u00fcpp, Str\u00e4uchern und kleinen bis mittelgro\u00dfen Baumst\u00f6mpfen.<\/p><p>Seit 1947<\/p><p>Stra\u00dfe<br>Graben und Wasser<br>Vegetation<br>Forstwirtschaft<br>Stockfr\u00e4sen f\u00fcr Bagger<\/p><p>Selbstfahrend<br>Auslegerm\u00e4her<br>Bagger-Verl\u00e4ngerungsarm<br>Ferngesteuert<\/p><p>Name<\/p><p>Kontaktnummer<br>E-Mail<br>Ihr Firmenname<br>Bitte geben Sie Details zu Ihrer Anfrage an<br>Bitte geben Sie die Zeichen ein<br>Dies hilft uns, Spam zu vermeiden, danke<\/p><p>Name<br>Firmenname<br>E-Mail<br>Ihre Position<br>Telefon<br>Firmen-URL<br>Produktanfrage<br>Bitte geben Sie die Zeichen ein<br>Dies hilft uns, Spam zu vermeiden, danke<\/p>\t\t\t\t\t\t\t\t<\/div>\n\t\t\t\t<\/div>\n\t\t\t\t\t<\/div>\n\t\t\t\t<\/div>\n\t\t\t\t<\/div>\n\t\t","protected":false},"excerpt":{"rendered":"<p>Ausleger-M\u00e4herAnbauger\u00e4teAuslegerFallstudieUnternehmenSchlegelm\u00e4herWartungM\u00e4hbooteFernbedienungSelbstfahrendBaumstumpffr\u00e4sen BaggerForstwirtschaftFerngesteuertStra\u00dfeStockfr\u00e4seBaggerVegetationWasser Stra\u00dfenpflegeHerder hat eine Reihe von Anbauger\u00e4ten f\u00fcr die Stra\u00dfenpflege entwickelt. Ein gutes Beispiel ist der \u00f6kologische M\u00e4her, der speziell f\u00fcr die Anforderungen des \u00f6kologischen M\u00e4hens entwickelt wurde. Mehr [&hellip;]<\/p>\n","protected":false},"author":1,"featured_media":0,"parent":0,"menu_order":0,"comment_status":"closed","ping_status":"closed","template":"","meta":{"_acf_changed":false,"_mo_disable_npp":"","footnotes":""},"class_list":["post-257039","page","type-page","status-publish","hentry"],"acf":[],"yoast_head":"<!-- This site is optimized with the Yoast SEO plugin v27.3 - https:\/\/yoast.com\/product\/yoast-seo-wordpress\/ -->\r\n<title>zu-\u00fcbersetzen - Herder Machines<\/title>\r\n<meta name=\"robots\" content=\"index, follow, max-snippet:-1, max-image-preview:large, max-video-preview:-1\" \/>\r\n<link rel=\"canonical\" href=\"https:\/\/herder.nl\/de\/zu-uebersetzen\/\" \/>\r\n<meta property=\"og:locale\" content=\"de_DE\" \/>\r\n<meta property=\"og:type\" content=\"article\" \/>\r\n<meta property=\"og:title\" content=\"zu-\u00fcbersetzen - Herder Machines\" \/>\r\n<meta property=\"og:description\" content=\"Ausleger-M\u00e4herAnbauger\u00e4teAuslegerFallstudieUnternehmenSchlegelm\u00e4herWartungM\u00e4hbooteFernbedienungSelbstfahrendBaumstumpffr\u00e4sen BaggerForstwirtschaftFerngesteuertStra\u00dfeStockfr\u00e4seBaggerVegetationWasser Stra\u00dfenpflegeHerder hat eine Reihe von Anbauger\u00e4ten f\u00fcr die Stra\u00dfenpflege entwickelt. Ein gutes Beispiel ist der \u00f6kologische M\u00e4her, der speziell f\u00fcr die Anforderungen des \u00f6kologischen M\u00e4hens entwickelt wurde. Mehr [&hellip;]\" \/>\r\n<meta property=\"og:url\" content=\"https:\/\/herder.nl\/de\/zu-uebersetzen\/\" \/>\r\n<meta property=\"og:site_name\" content=\"Herder Machines\" \/>\r\n<meta property=\"article:modified_time\" content=\"2025-12-11T10:35:02+00:00\" \/>\r\n<meta name=\"twitter:card\" content=\"summary_large_image\" \/>\r\n<meta name=\"twitter:label1\" content=\"Gesch\u00e4tzte Lesezeit\" \/>\n\t<meta name=\"twitter:data1\" content=\"1\u00a0Minute\" \/>\r\n<script type=\"application\/ld+json\" class=\"yoast-schema-graph\">{\"@context\":\"https:\\\/\\\/schema.org\",\"@graph\":[{\"@type\":\"WebPage\",\"@id\":\"https:\\\/\\\/herder.nl\\\/de\\\/zu-uebersetzen\\\/\",\"url\":\"https:\\\/\\\/herder.nl\\\/de\\\/zu-uebersetzen\\\/\",\"name\":\"zu-\u00fcbersetzen - Herder Machines\",\"isPartOf\":{\"@id\":\"https:\\\/\\\/herder.nl\\\/de\\\/#website\"},\"datePublished\":\"2025-12-11T09:53:03+00:00\",\"dateModified\":\"2025-12-11T10:35:02+00:00\",\"breadcrumb\":{\"@id\":\"https:\\\/\\\/herder.nl\\\/de\\\/zu-uebersetzen\\\/#breadcrumb\"},\"inLanguage\":\"de\",\"potentialAction\":[{\"@type\":\"ReadAction\",\"target\":[\"https:\\\/\\\/herder.nl\\\/de\\\/zu-uebersetzen\\\/\"]}]},{\"@type\":\"BreadcrumbList\",\"@id\":\"https:\\\/\\\/herder.nl\\\/de\\\/zu-uebersetzen\\\/#breadcrumb\",\"itemListElement\":[{\"@type\":\"ListItem\",\"position\":1,\"name\":\"Home\",\"item\":\"https:\\\/\\\/herder.nl\\\/de\\\/\"},{\"@type\":\"ListItem\",\"position\":2,\"name\":\"zu-\u00fcbersetzen\"}]},{\"@type\":\"WebSite\",\"@id\":\"https:\\\/\\\/herder.nl\\\/de\\\/#website\",\"url\":\"https:\\\/\\\/herder.nl\\\/de\\\/\",\"name\":\"Herder Machines\",\"description\":\"Machines voor sloot-, berm- en vegetatiebeheer\",\"publisher\":{\"@id\":\"https:\\\/\\\/herder.nl\\\/de\\\/#organization\"},\"potentialAction\":[{\"@type\":\"SearchAction\",\"target\":{\"@type\":\"EntryPoint\",\"urlTemplate\":\"https:\\\/\\\/herder.nl\\\/de\\\/?s={search_term_string}\"},\"query-input\":{\"@type\":\"PropertyValueSpecification\",\"valueRequired\":true,\"valueName\":\"search_term_string\"}}],\"inLanguage\":\"de\"},{\"@type\":\"Organization\",\"@id\":\"https:\\\/\\\/herder.nl\\\/de\\\/#organization\",\"name\":\"NEWBE Limited\",\"url\":\"https:\\\/\\\/herder.nl\\\/de\\\/\",\"logo\":{\"@type\":\"ImageObject\",\"inLanguage\":\"de\",\"@id\":\"https:\\\/\\\/herder.nl\\\/de\\\/#\\\/schema\\\/logo\\\/image\\\/\",\"url\":\"http:\\\/\\\/herder.nl\\\/wp-content\\\/uploads\\\/2017\\\/08\\\/creative-design-company-worcestershire-uk.svg\",\"contentUrl\":\"http:\\\/\\\/herder.nl\\\/wp-content\\\/uploads\\\/2017\\\/08\\\/creative-design-company-worcestershire-uk.svg\",\"width\":220669,\"height\":75135,\"caption\":\"NEWBE Limited\"},\"image\":{\"@id\":\"https:\\\/\\\/herder.nl\\\/de\\\/#\\\/schema\\\/logo\\\/image\\\/\"},\"sameAs\":[\"https:\\\/\\\/www.youtube.com\\\/channel\\\/UCuVvx-kgyFrugl6RjmI2iRw\"]}]}<\/script>\r\n<!-- \/ Yoast SEO plugin. -->","yoast_head_json":{"title":"zu-\u00fcbersetzen - Herder Machines","robots":{"index":"index","follow":"follow","max-snippet":"max-snippet:-1","max-image-preview":"max-image-preview:large","max-video-preview":"max-video-preview:-1"},"canonical":"https:\/\/herder.nl\/de\/zu-uebersetzen\/","og_locale":"de_DE","og_type":"article","og_title":"zu-\u00fcbersetzen - Herder Machines","og_description":"Ausleger-M\u00e4herAnbauger\u00e4teAuslegerFallstudieUnternehmenSchlegelm\u00e4herWartungM\u00e4hbooteFernbedienungSelbstfahrendBaumstumpffr\u00e4sen BaggerForstwirtschaftFerngesteuertStra\u00dfeStockfr\u00e4seBaggerVegetationWasser Stra\u00dfenpflegeHerder hat eine Reihe von Anbauger\u00e4ten f\u00fcr die Stra\u00dfenpflege entwickelt. Ein gutes Beispiel ist der \u00f6kologische M\u00e4her, der speziell f\u00fcr die Anforderungen des \u00f6kologischen M\u00e4hens entwickelt wurde. Mehr [&hellip;]","og_url":"https:\/\/herder.nl\/de\/zu-uebersetzen\/","og_site_name":"Herder Machines","article_modified_time":"2025-12-11T10:35:02+00:00","twitter_card":"summary_large_image","twitter_misc":{"Gesch\u00e4tzte Lesezeit":"1\u00a0Minute"},"schema":{"@context":"https:\/\/schema.org","@graph":[{"@type":"WebPage","@id":"https:\/\/herder.nl\/de\/zu-uebersetzen\/","url":"https:\/\/herder.nl\/de\/zu-uebersetzen\/","name":"zu-\u00fcbersetzen - Herder Machines","isPartOf":{"@id":"https:\/\/herder.nl\/de\/#website"},"datePublished":"2025-12-11T09:53:03+00:00","dateModified":"2025-12-11T10:35:02+00:00","breadcrumb":{"@id":"https:\/\/herder.nl\/de\/zu-uebersetzen\/#breadcrumb"},"inLanguage":"de","potentialAction":[{"@type":"ReadAction","target":["https:\/\/herder.nl\/de\/zu-uebersetzen\/"]}]},{"@type":"BreadcrumbList","@id":"https:\/\/herder.nl\/de\/zu-uebersetzen\/#breadcrumb","itemListElement":[{"@type":"ListItem","position":1,"name":"Home","item":"https:\/\/herder.nl\/de\/"},{"@type":"ListItem","position":2,"name":"zu-\u00fcbersetzen"}]},{"@type":"WebSite","@id":"https:\/\/herder.nl\/de\/#website","url":"https:\/\/herder.nl\/de\/","name":"Herder Machines","description":"Machines voor sloot-, berm- en vegetatiebeheer","publisher":{"@id":"https:\/\/herder.nl\/de\/#organization"},"potentialAction":[{"@type":"SearchAction","target":{"@type":"EntryPoint","urlTemplate":"https:\/\/herder.nl\/de\/?s={search_term_string}"},"query-input":{"@type":"PropertyValueSpecification","valueRequired":true,"valueName":"search_term_string"}}],"inLanguage":"de"},{"@type":"Organization","@id":"https:\/\/herder.nl\/de\/#organization","name":"NEWBE Limited","url":"https:\/\/herder.nl\/de\/","logo":{"@type":"ImageObject","inLanguage":"de","@id":"https:\/\/herder.nl\/de\/#\/schema\/logo\/image\/","url":"http:\/\/herder.nl\/wp-content\/uploads\/2017\/08\/creative-design-company-worcestershire-uk.svg","contentUrl":"http:\/\/herder.nl\/wp-content\/uploads\/2017\/08\/creative-design-company-worcestershire-uk.svg","width":220669,"height":75135,"caption":"NEWBE Limited"},"image":{"@id":"https:\/\/herder.nl\/de\/#\/schema\/logo\/image\/"},"sameAs":["https:\/\/www.youtube.com\/channel\/UCuVvx-kgyFrugl6RjmI2iRw"]}]}},"_links":{"self":[{"href":"https:\/\/herder.nl\/de\/wp-json\/wp\/v2\/pages\/257039","targetHints":{"allow":["GET"]}}],"collection":[{"href":"https:\/\/herder.nl\/de\/wp-json\/wp\/v2\/pages"}],"about":[{"href":"https:\/\/herder.nl\/de\/wp-json\/wp\/v2\/types\/page"}],"author":[{"embeddable":true,"href":"https:\/\/herder.nl\/de\/wp-json\/wp\/v2\/users\/1"}],"replies":[{"embeddable":true,"href":"https:\/\/herder.nl\/de\/wp-json\/wp\/v2\/comments?post=257039"}],"version-history":[{"count":3,"href":"https:\/\/herder.nl\/de\/wp-json\/wp\/v2\/pages\/257039\/revisions"}],"predecessor-version":[{"id":257054,"href":"https:\/\/herder.nl\/de\/wp-json\/wp\/v2\/pages\/257039\/revisions\/257054"}],"wp:attachment":[{"href":"https:\/\/herder.nl\/de\/wp-json\/wp\/v2\/media?parent=257039"}],"curies":[{"name":"wp","href":"https:\/\/api.w.org\/{rel}","templated":true}]}}