{"id":258091,"date":"2025-12-17T20:32:56","date_gmt":"2025-12-17T19:32:56","guid":{"rendered":"http:\/\/herder.nl\/sc410\/"},"modified":"2025-12-17T20:34:34","modified_gmt":"2025-12-17T19:34:34","slug":"sc410","status":"publish","type":"page","link":"https:\/\/herder.nl\/de\/sc410\/","title":{"rendered":"SC410"},"content":{"rendered":"\t\t<div data-elementor-type=\"wp-page\" data-elementor-id=\"258091\" class=\"elementor elementor-258091 elementor-258086\" data-elementor-post-type=\"page\">\n\t\t\t\t<div class=\"elementor-element elementor-element-e12c321 e-flex e-con-boxed e-con e-parent\" data-id=\"e12c321\" data-element_type=\"container\" data-e-type=\"container\">\n\t\t\t\t\t<div class=\"e-con-inner\">\n\t\t<div class=\"elementor-element elementor-element-2a35e7b e-con-full e-flex e-con e-child\" data-id=\"2a35e7b\" data-element_type=\"container\" data-e-type=\"container\">\n\t\t\t\t<div class=\"elementor-element elementor-element-248cdb9 elementor-widget elementor-widget-hub_fancy_heading\" data-id=\"248cdb9\" data-element_type=\"widget\" data-e-type=\"widget\" data-widget_type=\"hub_fancy_heading.default\">\n\t\t\t\t<div class=\"elementor-widget-container\">\n\t\t\t\t\t\n\t\t<div id=\"ld-fancy-heading-69e1bc07f1202\" class=\"ld-fancy-heading pos-rel\">\n\t\t\t<h2 class=\"ld-fh-element d-inline-block pos-rel  elementor-heading-title lqd-highlight-classic lqd-highlight-grow-left h2\"  > SC410 SPEZIFIKATIONEN<\/h2>\t\t<\/div>\n\n\t\t\t\t\t\t<\/div>\n\t\t\t\t<\/div>\n\t\t\t\t<div class=\"elementor-element elementor-element-5761ab2 elementor-widget elementor-widget-html\" data-id=\"5761ab2\" data-element_type=\"widget\" data-e-type=\"widget\" data-widget_type=\"html.default\">\n\t\t\t\t<div class=\"elementor-widget-container\">\n\t\t\t\t\t<table width=\"100%\" border=\"0\" cellpadding=\"0\" cellspacing=\"0\" class=\"htable\" id=\"sc410\">\n    <tbody>\n    <tr>\n      <td>Motor:<\/td>\n      <td>75 PS Stufe V<\/td>\n      <\/tr>\n    <tr>\n      <td>Arbeitsbreite:<\/td>\n      <td>85 cm<\/td>\n      <\/tr>\n    <tr>\n      <td>Getriebe:<\/td>\n      <td>Hydraulisch<\/td>\n      <\/tr>\n    <tr>\n      <td>Fr\u00e4srad Durchmesser - ohne Mei\u00dfel:<\/td>\n      <td>410 mm<\/td>\n      <\/tr>\n    <tr>\n      <td>Fr\u00e4srad Durchmesser - einschlie\u00dflich Mei\u00dfel:<\/td>\n      <td>500 mm<\/td>\n      <\/tr>\n    <tr>\n      <td>Fr\u00e4sradst\u00e4rke:<\/td>\n      <td>25 mm<\/td>\n      <\/tr>\n    <tr>\n      <td>Mei\u00dfelhalter und Mei\u00dfel:<\/td>\n      <td>24<\/td>\n    <\/tr>\n    <tr>\n      <td>Schwenkrahmenbereich:<\/td>\n      <td>86\u00b0 \/ 110 cm<\/td>\n    <\/tr>\n    <tr>\n      <td>Gewicht ca.:<\/td>\n      <td>160 kg<\/td>\n    <\/tr>\n    <tr>\n      <td>\u00d6lflussrate:<\/td>\n      <td>50 l\/min<\/td>\n    <\/tr>\n  <\/tbody>\n<\/table>\t\t\t\t<\/div>\n\t\t\t\t<\/div>\n\t\t\t\t<div class=\"elementor-element elementor-element-0425652 elementor-widget elementor-widget-spacer\" data-id=\"0425652\" data-element_type=\"widget\" data-e-type=\"widget\" data-widget_type=\"spacer.default\">\n\t\t\t\t<div class=\"elementor-widget-container\">\n\t\t\t\t\t\t\t<div class=\"elementor-spacer\">\n\t\t\t<div class=\"elementor-spacer-inner\"><\/div>\n\t\t<\/div>\n\t\t\t\t\t\t<\/div>\n\t\t\t\t<\/div>\n\t\t\t\t<\/div>\n\t\t\t\t\t<\/div>\n\t\t\t\t<\/div>\n\t\t\t\t<\/div>\n\t\t","protected":false},"excerpt":{"rendered":"<p>SC410 SPEZIFIKATIONEN Motor: 75 PS Stufe V Arbeitsbreite: 85 cm Getriebe: Hydraulisch Fr\u00e4srad Durchmesser &#8211; ohne Mei\u00dfel: 410 mm Fr\u00e4srad Durchmesser &#8211; einschlie\u00dflich Mei\u00dfel: 500 mm Fr\u00e4sradst\u00e4rke: 25 mm Mei\u00dfelhalter [&hellip;]<\/p>\n","protected":false},"author":1,"featured_media":0,"parent":0,"menu_order":0,"comment_status":"closed","ping_status":"closed","template":"","meta":{"_acf_changed":false,"_mo_disable_npp":"","footnotes":""},"class_list":["post-258091","page","type-page","status-publish","hentry"],"acf":[],"yoast_head":"<!-- This site is optimized with the Yoast SEO plugin v27.3 - https:\/\/yoast.com\/product\/yoast-seo-wordpress\/ -->\r\n<title>SC410 - Herder Machines<\/title>\r\n<meta name=\"robots\" content=\"index, follow, max-snippet:-1, max-image-preview:large, max-video-preview:-1\" \/>\r\n<link rel=\"canonical\" href=\"https:\/\/herder.nl\/de\/sc410\/\" \/>\r\n<meta property=\"og:locale\" content=\"de_DE\" \/>\r\n<meta property=\"og:type\" content=\"article\" \/>\r\n<meta property=\"og:title\" content=\"SC410 - Herder Machines\" \/>\r\n<meta property=\"og:description\" content=\"SC410 SPEZIFIKATIONEN Motor: 75 PS Stufe V Arbeitsbreite: 85 cm Getriebe: Hydraulisch Fr\u00e4srad Durchmesser &#8211; ohne Mei\u00dfel: 410 mm Fr\u00e4srad Durchmesser &#8211; einschlie\u00dflich Mei\u00dfel: 500 mm Fr\u00e4sradst\u00e4rke: 25 mm Mei\u00dfelhalter [&hellip;]\" \/>\r\n<meta property=\"og:url\" content=\"https:\/\/herder.nl\/de\/sc410\/\" \/>\r\n<meta property=\"og:site_name\" content=\"Herder Machines\" \/>\r\n<meta property=\"article:modified_time\" content=\"2025-12-17T19:34:34+00:00\" \/>\r\n<meta name=\"twitter:card\" content=\"summary_large_image\" \/>\r\n<script type=\"application\/ld+json\" class=\"yoast-schema-graph\">{\"@context\":\"https:\\\/\\\/schema.org\",\"@graph\":[{\"@type\":\"WebPage\",\"@id\":\"https:\\\/\\\/herder.nl\\\/de\\\/sc410\\\/\",\"url\":\"https:\\\/\\\/herder.nl\\\/de\\\/sc410\\\/\",\"name\":\"SC410 - Herder Machines\",\"isPartOf\":{\"@id\":\"https:\\\/\\\/herder.nl\\\/de\\\/#website\"},\"datePublished\":\"2025-12-17T19:32:56+00:00\",\"dateModified\":\"2025-12-17T19:34:34+00:00\",\"breadcrumb\":{\"@id\":\"https:\\\/\\\/herder.nl\\\/de\\\/sc410\\\/#breadcrumb\"},\"inLanguage\":\"de\",\"potentialAction\":[{\"@type\":\"ReadAction\",\"target\":[\"https:\\\/\\\/herder.nl\\\/de\\\/sc410\\\/\"]}]},{\"@type\":\"BreadcrumbList\",\"@id\":\"https:\\\/\\\/herder.nl\\\/de\\\/sc410\\\/#breadcrumb\",\"itemListElement\":[{\"@type\":\"ListItem\",\"position\":1,\"name\":\"Home\",\"item\":\"https:\\\/\\\/herder.nl\\\/de\\\/\"},{\"@type\":\"ListItem\",\"position\":2,\"name\":\"SC410\"}]},{\"@type\":\"WebSite\",\"@id\":\"https:\\\/\\\/herder.nl\\\/de\\\/#website\",\"url\":\"https:\\\/\\\/herder.nl\\\/de\\\/\",\"name\":\"Herder Machines\",\"description\":\"Machines voor sloot-, berm- en vegetatiebeheer\",\"publisher\":{\"@id\":\"https:\\\/\\\/herder.nl\\\/de\\\/#organization\"},\"potentialAction\":[{\"@type\":\"SearchAction\",\"target\":{\"@type\":\"EntryPoint\",\"urlTemplate\":\"https:\\\/\\\/herder.nl\\\/de\\\/?s={search_term_string}\"},\"query-input\":{\"@type\":\"PropertyValueSpecification\",\"valueRequired\":true,\"valueName\":\"search_term_string\"}}],\"inLanguage\":\"de\"},{\"@type\":\"Organization\",\"@id\":\"https:\\\/\\\/herder.nl\\\/de\\\/#organization\",\"name\":\"NEWBE Limited\",\"url\":\"https:\\\/\\\/herder.nl\\\/de\\\/\",\"logo\":{\"@type\":\"ImageObject\",\"inLanguage\":\"de\",\"@id\":\"https:\\\/\\\/herder.nl\\\/de\\\/#\\\/schema\\\/logo\\\/image\\\/\",\"url\":\"http:\\\/\\\/herder.nl\\\/wp-content\\\/uploads\\\/2017\\\/08\\\/creative-design-company-worcestershire-uk.svg\",\"contentUrl\":\"http:\\\/\\\/herder.nl\\\/wp-content\\\/uploads\\\/2017\\\/08\\\/creative-design-company-worcestershire-uk.svg\",\"width\":220669,\"height\":75135,\"caption\":\"NEWBE Limited\"},\"image\":{\"@id\":\"https:\\\/\\\/herder.nl\\\/de\\\/#\\\/schema\\\/logo\\\/image\\\/\"},\"sameAs\":[\"https:\\\/\\\/www.youtube.com\\\/channel\\\/UCuVvx-kgyFrugl6RjmI2iRw\"]}]}<\/script>\r\n<!-- \/ Yoast SEO plugin. -->","yoast_head_json":{"title":"SC410 - Herder Machines","robots":{"index":"index","follow":"follow","max-snippet":"max-snippet:-1","max-image-preview":"max-image-preview:large","max-video-preview":"max-video-preview:-1"},"canonical":"https:\/\/herder.nl\/de\/sc410\/","og_locale":"de_DE","og_type":"article","og_title":"SC410 - Herder Machines","og_description":"SC410 SPEZIFIKATIONEN Motor: 75 PS Stufe V Arbeitsbreite: 85 cm Getriebe: Hydraulisch Fr\u00e4srad Durchmesser &#8211; ohne Mei\u00dfel: 410 mm Fr\u00e4srad Durchmesser &#8211; einschlie\u00dflich Mei\u00dfel: 500 mm Fr\u00e4sradst\u00e4rke: 25 mm Mei\u00dfelhalter [&hellip;]","og_url":"https:\/\/herder.nl\/de\/sc410\/","og_site_name":"Herder Machines","article_modified_time":"2025-12-17T19:34:34+00:00","twitter_card":"summary_large_image","schema":{"@context":"https:\/\/schema.org","@graph":[{"@type":"WebPage","@id":"https:\/\/herder.nl\/de\/sc410\/","url":"https:\/\/herder.nl\/de\/sc410\/","name":"SC410 - Herder Machines","isPartOf":{"@id":"https:\/\/herder.nl\/de\/#website"},"datePublished":"2025-12-17T19:32:56+00:00","dateModified":"2025-12-17T19:34:34+00:00","breadcrumb":{"@id":"https:\/\/herder.nl\/de\/sc410\/#breadcrumb"},"inLanguage":"de","potentialAction":[{"@type":"ReadAction","target":["https:\/\/herder.nl\/de\/sc410\/"]}]},{"@type":"BreadcrumbList","@id":"https:\/\/herder.nl\/de\/sc410\/#breadcrumb","itemListElement":[{"@type":"ListItem","position":1,"name":"Home","item":"https:\/\/herder.nl\/de\/"},{"@type":"ListItem","position":2,"name":"SC410"}]},{"@type":"WebSite","@id":"https:\/\/herder.nl\/de\/#website","url":"https:\/\/herder.nl\/de\/","name":"Herder Machines","description":"Machines voor sloot-, berm- en vegetatiebeheer","publisher":{"@id":"https:\/\/herder.nl\/de\/#organization"},"potentialAction":[{"@type":"SearchAction","target":{"@type":"EntryPoint","urlTemplate":"https:\/\/herder.nl\/de\/?s={search_term_string}"},"query-input":{"@type":"PropertyValueSpecification","valueRequired":true,"valueName":"search_term_string"}}],"inLanguage":"de"},{"@type":"Organization","@id":"https:\/\/herder.nl\/de\/#organization","name":"NEWBE Limited","url":"https:\/\/herder.nl\/de\/","logo":{"@type":"ImageObject","inLanguage":"de","@id":"https:\/\/herder.nl\/de\/#\/schema\/logo\/image\/","url":"http:\/\/herder.nl\/wp-content\/uploads\/2017\/08\/creative-design-company-worcestershire-uk.svg","contentUrl":"http:\/\/herder.nl\/wp-content\/uploads\/2017\/08\/creative-design-company-worcestershire-uk.svg","width":220669,"height":75135,"caption":"NEWBE Limited"},"image":{"@id":"https:\/\/herder.nl\/de\/#\/schema\/logo\/image\/"},"sameAs":["https:\/\/www.youtube.com\/channel\/UCuVvx-kgyFrugl6RjmI2iRw"]}]}},"_links":{"self":[{"href":"https:\/\/herder.nl\/de\/wp-json\/wp\/v2\/pages\/258091","targetHints":{"allow":["GET"]}}],"collection":[{"href":"https:\/\/herder.nl\/de\/wp-json\/wp\/v2\/pages"}],"about":[{"href":"https:\/\/herder.nl\/de\/wp-json\/wp\/v2\/types\/page"}],"author":[{"embeddable":true,"href":"https:\/\/herder.nl\/de\/wp-json\/wp\/v2\/users\/1"}],"replies":[{"embeddable":true,"href":"https:\/\/herder.nl\/de\/wp-json\/wp\/v2\/comments?post=258091"}],"version-history":[{"count":2,"href":"https:\/\/herder.nl\/de\/wp-json\/wp\/v2\/pages\/258091\/revisions"}],"predecessor-version":[{"id":258111,"href":"https:\/\/herder.nl\/de\/wp-json\/wp\/v2\/pages\/258091\/revisions\/258111"}],"wp:attachment":[{"href":"https:\/\/herder.nl\/de\/wp-json\/wp\/v2\/media?parent=258091"}],"curies":[{"name":"wp","href":"https:\/\/api.w.org\/{rel}","templated":true}]}}