{"id":257040,"date":"2025-12-11T10:53:03","date_gmt":"2025-12-11T09:53:03","guid":{"rendered":"http:\/\/herder.nl\/a-traduire\/"},"modified":"2025-12-12T21:30:05","modified_gmt":"2025-12-12T20:30:05","slug":"a-traduire","status":"publish","type":"page","link":"https:\/\/herder.nl\/fr\/a-traduire\/","title":{"rendered":"\u00e0 traduire"},"content":{"rendered":"\t\t<div data-elementor-type=\"wp-page\" data-elementor-id=\"257040\" class=\"elementor elementor-257040 elementor-257036\" data-elementor-post-type=\"page\">\n\t\t\t\t<div class=\"elementor-element elementor-element-59b5ee55 e-flex e-con-boxed e-con e-parent\" data-id=\"59b5ee55\" data-element_type=\"container\" data-e-type=\"container\">\n\t\t\t\t\t<div class=\"e-con-inner\">\n\t\t\t\t<div class=\"elementor-element elementor-element-47edae75 elementor-widget elementor-widget-text-editor\" data-id=\"47edae75\" data-element_type=\"widget\" data-e-type=\"widget\" data-widget_type=\"text-editor.default\">\n\t\t\t\t<div class=\"elementor-widget-container\">\n\t\t\t\t\t\t\t\t\t<p><strong>French Version<\/strong><\/p><p>Faucheuses \u00e0 bras<br \/>Accessoires<br \/>Bras<br \/>\u00c9tude de cas<br \/>Entreprise<br \/>Broyeurs \u00e0 fl\u00e9aux<br \/>Maintenance<br \/>Bateaux de fauchage<br \/>T\u00e9l\u00e9commande<br \/>Automoteurs<br \/>Rogneuses de souches<\/p><p>Excavatrice<br \/>Sylviculture<br \/>T\u00e9l\u00e9commande<br \/>Route<br \/>Rogneuse de souches<br \/>Excavatrice<br \/>V\u00e9g\u00e9tation<br \/>Eau<\/p><p><strong>Entretien des routes<\/strong><br \/>Herder a d\u00e9velopp\u00e9 une gamme d\u2019accessoires pour l\u2019entretien des routes. Un bon exemple est la faucheuse \u00e9cologique, sp\u00e9cialement con\u00e7ue pour r\u00e9pondre aux exigences de la fauche environnementale.<\/p><p><strong>En savoir plus<\/strong><\/p><p><strong>Entretien des eaux<\/strong><br \/>Herder a repouss\u00e9 les limites plus d\u2019une fois en mati\u00e8re d\u2019entretien des foss\u00e9s. Herder produit diff\u00e9rents types d\u2019accessoires pour l\u2019entretien des foss\u00e9s.<\/p><p><strong>Entretien de la v\u00e9g\u00e9tation<\/strong><br \/>Travailler avec Herder signifie un travail ergonomique avec le meilleur r\u00e9sultat. Herder produit diff\u00e9rents types d\u2019accessoires pour l\u2019entretien de la v\u00e9g\u00e9tation.<\/p><p><strong>Entretien forestier<\/strong><br \/>Les machines foresti\u00e8res sont particuli\u00e8rement adapt\u00e9es aux t\u00e2ches difficiles telles que le d\u00e9gagement des broussailles, des arbustes et des souches d\u2019arbres de petite \u00e0 moyenne taille.<\/p><p>Depuis 1947<\/p><p>Route<br \/>Foss\u00e9s et eaux<br \/>V\u00e9g\u00e9tation<br \/>Sylviculture<br \/>Rogneuses de souches pour excavatrices<\/p><p>Automoteur<br \/>Tondeuses \u00e0 bras<br \/>Extension de fl\u00e8che d\u2019excavatrice<br \/>T\u00e9l\u00e9commande<\/p><p>Nom<\/p><p>Num\u00e9ro de t\u00e9l\u00e9phone<br \/>Courriel<br \/>Nom de votre entreprise<br \/>Veuillez fournir des d\u00e9tails sur votre demande<br \/>Veuillez saisir les caract\u00e8res<br \/>Cela nous aide \u00e0 pr\u00e9venir le spam, merci<\/p><p>Nom<br \/>Nom de l\u2019entreprise<br \/>Courriel<br \/>Votre poste<br \/>T\u00e9l\u00e9phone<br \/>URL de l\u2019entreprise<br \/>Demande de renseignements sur le produit<br \/>Veuillez saisir les caract\u00e8res<br \/>Cela nous aide \u00e0 pr\u00e9venir le spam, merci<\/p>\t\t\t\t\t\t\t\t<\/div>\n\t\t\t\t<\/div>\n\t\t\t\t\t<\/div>\n\t\t\t\t<\/div>\n\t\t\t\t<\/div>\n\t\t","protected":false},"excerpt":{"rendered":"<p>French Version Faucheuses \u00e0 brasAccessoiresBras\u00c9tude de casEntrepriseBroyeurs \u00e0 fl\u00e9auxMaintenanceBateaux de fauchageT\u00e9l\u00e9commandeAutomoteursRogneuses de souches ExcavatriceSylvicultureT\u00e9l\u00e9commandeRouteRogneuse de souchesExcavatriceV\u00e9g\u00e9tationEau Entretien des routesHerder a d\u00e9velopp\u00e9 une gamme d\u2019accessoires pour l\u2019entretien des routes. Un bon [&hellip;]<\/p>\n","protected":false},"author":1,"featured_media":0,"parent":0,"menu_order":0,"comment_status":"closed","ping_status":"closed","template":"","meta":{"_acf_changed":false,"_mo_disable_npp":"","footnotes":""},"class_list":["post-257040","page","type-page","status-publish","hentry"],"acf":[],"yoast_head":"<!-- This site is optimized with the Yoast SEO plugin v27.3 - https:\/\/yoast.com\/product\/yoast-seo-wordpress\/ -->\r\n<title>\u00e0 traduire - Herder Machines<\/title>\r\n<meta name=\"robots\" content=\"index, follow, max-snippet:-1, max-image-preview:large, max-video-preview:-1\" \/>\r\n<link rel=\"canonical\" href=\"https:\/\/herder.nl\/fr\/a-traduire\/\" \/>\r\n<meta property=\"og:locale\" content=\"fr_FR\" \/>\r\n<meta property=\"og:type\" content=\"article\" \/>\r\n<meta property=\"og:title\" content=\"\u00e0 traduire - Herder Machines\" \/>\r\n<meta property=\"og:description\" content=\"French Version Faucheuses \u00e0 brasAccessoiresBras\u00c9tude de casEntrepriseBroyeurs \u00e0 fl\u00e9auxMaintenanceBateaux de fauchageT\u00e9l\u00e9commandeAutomoteursRogneuses de souches ExcavatriceSylvicultureT\u00e9l\u00e9commandeRouteRogneuse de souchesExcavatriceV\u00e9g\u00e9tationEau Entretien des routesHerder a d\u00e9velopp\u00e9 une gamme d\u2019accessoires pour l\u2019entretien des routes. Un bon [&hellip;]\" \/>\r\n<meta property=\"og:url\" content=\"https:\/\/herder.nl\/fr\/a-traduire\/\" \/>\r\n<meta property=\"og:site_name\" content=\"Herder Machines\" \/>\r\n<meta property=\"article:modified_time\" content=\"2025-12-12T20:30:05+00:00\" \/>\r\n<meta name=\"twitter:card\" content=\"summary_large_image\" \/>\r\n<meta name=\"twitter:label1\" content=\"Dur\u00e9e de lecture estim\u00e9e\" \/>\n\t<meta name=\"twitter:data1\" content=\"2 minutes\" \/>\r\n<script type=\"application\/ld+json\" class=\"yoast-schema-graph\">{\"@context\":\"https:\\\/\\\/schema.org\",\"@graph\":[{\"@type\":\"WebPage\",\"@id\":\"https:\\\/\\\/herder.nl\\\/fr\\\/a-traduire\\\/\",\"url\":\"https:\\\/\\\/herder.nl\\\/fr\\\/a-traduire\\\/\",\"name\":\"\u00e0 traduire - Herder Machines\",\"isPartOf\":{\"@id\":\"https:\\\/\\\/herder.nl\\\/fr\\\/#website\"},\"datePublished\":\"2025-12-11T09:53:03+00:00\",\"dateModified\":\"2025-12-12T20:30:05+00:00\",\"breadcrumb\":{\"@id\":\"https:\\\/\\\/herder.nl\\\/fr\\\/a-traduire\\\/#breadcrumb\"},\"inLanguage\":\"fr-FR\",\"potentialAction\":[{\"@type\":\"ReadAction\",\"target\":[\"https:\\\/\\\/herder.nl\\\/fr\\\/a-traduire\\\/\"]}]},{\"@type\":\"BreadcrumbList\",\"@id\":\"https:\\\/\\\/herder.nl\\\/fr\\\/a-traduire\\\/#breadcrumb\",\"itemListElement\":[{\"@type\":\"ListItem\",\"position\":1,\"name\":\"Home\",\"item\":\"https:\\\/\\\/herder.nl\\\/fr\\\/\"},{\"@type\":\"ListItem\",\"position\":2,\"name\":\"\u00e0 traduire\"}]},{\"@type\":\"WebSite\",\"@id\":\"https:\\\/\\\/herder.nl\\\/fr\\\/#website\",\"url\":\"https:\\\/\\\/herder.nl\\\/fr\\\/\",\"name\":\"Herder Machines\",\"description\":\"Machines voor sloot-, berm- en vegetatiebeheer\",\"publisher\":{\"@id\":\"https:\\\/\\\/herder.nl\\\/fr\\\/#organization\"},\"potentialAction\":[{\"@type\":\"SearchAction\",\"target\":{\"@type\":\"EntryPoint\",\"urlTemplate\":\"https:\\\/\\\/herder.nl\\\/fr\\\/?s={search_term_string}\"},\"query-input\":{\"@type\":\"PropertyValueSpecification\",\"valueRequired\":true,\"valueName\":\"search_term_string\"}}],\"inLanguage\":\"fr-FR\"},{\"@type\":\"Organization\",\"@id\":\"https:\\\/\\\/herder.nl\\\/fr\\\/#organization\",\"name\":\"NEWBE Limited\",\"url\":\"https:\\\/\\\/herder.nl\\\/fr\\\/\",\"logo\":{\"@type\":\"ImageObject\",\"inLanguage\":\"fr-FR\",\"@id\":\"https:\\\/\\\/herder.nl\\\/fr\\\/#\\\/schema\\\/logo\\\/image\\\/\",\"url\":\"http:\\\/\\\/herder.nl\\\/wp-content\\\/uploads\\\/2017\\\/08\\\/creative-design-company-worcestershire-uk.svg\",\"contentUrl\":\"http:\\\/\\\/herder.nl\\\/wp-content\\\/uploads\\\/2017\\\/08\\\/creative-design-company-worcestershire-uk.svg\",\"width\":220669,\"height\":75135,\"caption\":\"NEWBE Limited\"},\"image\":{\"@id\":\"https:\\\/\\\/herder.nl\\\/fr\\\/#\\\/schema\\\/logo\\\/image\\\/\"},\"sameAs\":[\"https:\\\/\\\/www.youtube.com\\\/channel\\\/UCuVvx-kgyFrugl6RjmI2iRw\"]}]}<\/script>\r\n<!-- \/ Yoast SEO plugin. -->","yoast_head_json":{"title":"\u00e0 traduire - Herder Machines","robots":{"index":"index","follow":"follow","max-snippet":"max-snippet:-1","max-image-preview":"max-image-preview:large","max-video-preview":"max-video-preview:-1"},"canonical":"https:\/\/herder.nl\/fr\/a-traduire\/","og_locale":"fr_FR","og_type":"article","og_title":"\u00e0 traduire - Herder Machines","og_description":"French Version Faucheuses \u00e0 brasAccessoiresBras\u00c9tude de casEntrepriseBroyeurs \u00e0 fl\u00e9auxMaintenanceBateaux de fauchageT\u00e9l\u00e9commandeAutomoteursRogneuses de souches ExcavatriceSylvicultureT\u00e9l\u00e9commandeRouteRogneuse de souchesExcavatriceV\u00e9g\u00e9tationEau Entretien des routesHerder a d\u00e9velopp\u00e9 une gamme d\u2019accessoires pour l\u2019entretien des routes. Un bon [&hellip;]","og_url":"https:\/\/herder.nl\/fr\/a-traduire\/","og_site_name":"Herder Machines","article_modified_time":"2025-12-12T20:30:05+00:00","twitter_card":"summary_large_image","twitter_misc":{"Dur\u00e9e de lecture estim\u00e9e":"2 minutes"},"schema":{"@context":"https:\/\/schema.org","@graph":[{"@type":"WebPage","@id":"https:\/\/herder.nl\/fr\/a-traduire\/","url":"https:\/\/herder.nl\/fr\/a-traduire\/","name":"\u00e0 traduire - Herder Machines","isPartOf":{"@id":"https:\/\/herder.nl\/fr\/#website"},"datePublished":"2025-12-11T09:53:03+00:00","dateModified":"2025-12-12T20:30:05+00:00","breadcrumb":{"@id":"https:\/\/herder.nl\/fr\/a-traduire\/#breadcrumb"},"inLanguage":"fr-FR","potentialAction":[{"@type":"ReadAction","target":["https:\/\/herder.nl\/fr\/a-traduire\/"]}]},{"@type":"BreadcrumbList","@id":"https:\/\/herder.nl\/fr\/a-traduire\/#breadcrumb","itemListElement":[{"@type":"ListItem","position":1,"name":"Home","item":"https:\/\/herder.nl\/fr\/"},{"@type":"ListItem","position":2,"name":"\u00e0 traduire"}]},{"@type":"WebSite","@id":"https:\/\/herder.nl\/fr\/#website","url":"https:\/\/herder.nl\/fr\/","name":"Herder Machines","description":"Machines voor sloot-, berm- en vegetatiebeheer","publisher":{"@id":"https:\/\/herder.nl\/fr\/#organization"},"potentialAction":[{"@type":"SearchAction","target":{"@type":"EntryPoint","urlTemplate":"https:\/\/herder.nl\/fr\/?s={search_term_string}"},"query-input":{"@type":"PropertyValueSpecification","valueRequired":true,"valueName":"search_term_string"}}],"inLanguage":"fr-FR"},{"@type":"Organization","@id":"https:\/\/herder.nl\/fr\/#organization","name":"NEWBE Limited","url":"https:\/\/herder.nl\/fr\/","logo":{"@type":"ImageObject","inLanguage":"fr-FR","@id":"https:\/\/herder.nl\/fr\/#\/schema\/logo\/image\/","url":"http:\/\/herder.nl\/wp-content\/uploads\/2017\/08\/creative-design-company-worcestershire-uk.svg","contentUrl":"http:\/\/herder.nl\/wp-content\/uploads\/2017\/08\/creative-design-company-worcestershire-uk.svg","width":220669,"height":75135,"caption":"NEWBE Limited"},"image":{"@id":"https:\/\/herder.nl\/fr\/#\/schema\/logo\/image\/"},"sameAs":["https:\/\/www.youtube.com\/channel\/UCuVvx-kgyFrugl6RjmI2iRw"]}]}},"_links":{"self":[{"href":"https:\/\/herder.nl\/fr\/wp-json\/wp\/v2\/pages\/257040","targetHints":{"allow":["GET"]}}],"collection":[{"href":"https:\/\/herder.nl\/fr\/wp-json\/wp\/v2\/pages"}],"about":[{"href":"https:\/\/herder.nl\/fr\/wp-json\/wp\/v2\/types\/page"}],"author":[{"embeddable":true,"href":"https:\/\/herder.nl\/fr\/wp-json\/wp\/v2\/users\/1"}],"replies":[{"embeddable":true,"href":"https:\/\/herder.nl\/fr\/wp-json\/wp\/v2\/comments?post=257040"}],"version-history":[{"count":6,"href":"https:\/\/herder.nl\/fr\/wp-json\/wp\/v2\/pages\/257040\/revisions"}],"predecessor-version":[{"id":257480,"href":"https:\/\/herder.nl\/fr\/wp-json\/wp\/v2\/pages\/257040\/revisions\/257480"}],"wp:attachment":[{"href":"https:\/\/herder.nl\/fr\/wp-json\/wp\/v2\/media?parent=257040"}],"curies":[{"name":"wp","href":"https:\/\/api.w.org\/{rel}","templated":true}]}}